{"id":5,"date":"2020-01-13T11:17:52","date_gmt":"2020-01-13T11:17:52","guid":{"rendered":"https:\/\/demosites.io\/web-agency-gb\/?page_id=5"},"modified":"2022-11-11T22:05:16","modified_gmt":"2022-11-11T22:05:16","slug":"15c42-web-agency-gb-home","status":"publish","type":"page","link":"https:\/\/aasatek.fi\/","title":{"rendered":"Koti"},"content":{"rendered":"<div id=\"metaslider-id-379\" style=\"width: 100%;\" class=\"ml-slider-3-107-0 metaslider metaslider-flex metaslider-379 ml-slider has-dots-nav ms-theme-default\" role=\"region\" aria-label=\"Etusivu Slider\" data-height=\"300\" data-width=\"700\">\n    <div id=\"metaslider_container_379\">\n        <div id=\"metaslider_379\">\n            <ul class='slides'>\n                <li style=\"display: block; width: 100%;\" class=\"slide-380 ms-image \" aria-roledescription=\"slide\" data-date=\"2022-11-10 20:54:52\" data-filename=\"1-Hirsala-2-700x300.jpg\" data-slide-type=\"image\"><img loading=\"lazy\" decoding=\"async\" src=\"https:\/\/aasatek.fi\/wp-content\/uploads\/2022\/11\/1-Hirsala-2-700x300.jpg\" height=\"300\" width=\"700\" alt=\"\" class=\"slider-379 slide-380 msDefaultImage\" title=\"1 Hirsala 2\" \/><div class=\"caption-wrap\"><div class=\"caption\">Kukkaketo Hirsala Golfin alueella toiminnallisen biodiversiteetin tukemiseksi<\/div><\/div><\/li>\n                <li style=\"display: none; width: 100%;\" class=\"slide-381 ms-image \" aria-roledescription=\"slide\" data-date=\"2022-11-10 20:55:02\" data-filename=\"2-Vaaksiaisia_v2-700x300.jpg\" data-slide-type=\"image\"><img loading=\"lazy\" decoding=\"async\" src=\"https:\/\/aasatek.fi\/wp-content\/uploads\/2022\/11\/2-Vaaksiaisia_v2-700x300.jpg\" height=\"300\" width=\"700\" alt=\"\" class=\"slider-379 slide-381 msDefaultImage\" title=\"2 Vaaksiaisia_v2\" \/><div class=\"caption-wrap\"><div class=\"caption\">Parittelevat vaaksiaiset. Vaaksiaistoukat ovat iso ongelma nurmialueilla, mm. golfkentill\u00e4.<\/div><\/div><\/li>\n                <li style=\"display: none; width: 100%;\" class=\"slide-382 ms-image \" aria-roledescription=\"slide\" data-date=\"2022-11-10 20:55:06\" data-filename=\"3-Sit-perh_v2-scaled-700x300.jpg\" data-slide-type=\"image\"><img loading=\"lazy\" decoding=\"async\" src=\"https:\/\/aasatek.fi\/wp-content\/uploads\/2022\/11\/3-Sit-perh_v2-scaled-700x300.jpg\" height=\"300\" width=\"700\" alt=\"\" class=\"slider-379 slide-382 msDefaultImage\" title=\"3 Sit perh_v2\" \/><div class=\"caption-wrap\"><div class=\"caption\">Toiminnallista monimuotoisuutta peltoymp\u00e4rist\u00f6ss\u00e4.<\/div><\/div><\/li>\n                <li style=\"display: none; width: 100%;\" class=\"slide-383 ms-image \" aria-roledescription=\"slide\" data-date=\"2022-11-10 20:55:12\" data-filename=\"4-BeeTreat-3_v2-700x300.jpg\" data-slide-type=\"image\"><img loading=\"lazy\" decoding=\"async\" src=\"https:\/\/aasatek.fi\/wp-content\/uploads\/2022\/11\/4-BeeTreat-3_v2-700x300.jpg\" height=\"300\" width=\"700\" alt=\"\" class=\"slider-379 slide-383 msDefaultImage\" title=\"4 BeeTreat 3_v2\" \/><div class=\"caption-wrap\"><div class=\"caption\">Aasatek Oy:n vektorilevitin (Vekotin 3.0) biotorjuntaty\u00f6ss\u00e4 mangotarhalla.<\/div><\/div><\/li>\n            <\/ul>\n        <\/div>\n        \n    <\/div>\n<\/div>\n<p>Aasatek Oy on vuonna 1990 perustettu suomalainen perheyritys. Yhti\u00f6n toimialana on talous-, ymp\u00e4rist\u00f6- ja kasvinsuojelualan tutkimus-, kehitys- ja konsulttitoiminta sek\u00e4 biologisten torjuntaeli\u00f6iden ja kasvinhoitovalmisteiden tuottaminen, maahantuonti ja kauppa.<br \/>\nAasatek Oy on ollut uranuurtaja monilla t\u00e4rkeiksi muodostuneilla toimintasektoreilla. Olimme ensimm\u00e4inen kasvinsuojelussa k\u00e4ytett\u00e4vien sukkulamatojen toimittaja Suomessa (1990 alkaen), ja edelleen ainoa kaupallinen toimija, jolla on omaa biologisten torjuntaeli\u00f6itten ja-keinojen tutkimusta ja tuotekehittely\u00e4. Lue lis\u00e4\u00e4 <strong>t\u00e4st\u00e4<\/strong>.<br \/>\nEsittelemme n\u00e4ill\u00e4 sivuilla tuotteitamme ja palvelujamme, kuten<br \/>\n\u2022 SUKKULA-tuoteperheen biologiseen tuholaistorjuntaan peltoviljelyss\u00e4, golfkentill\u00e4, mets\u00e4taloudessa, sek\u00e4 kotitalouksissa<br \/>\n\u2022 NurmiPuhdiste -tuotteen golfviheri\u00f6ille<br \/>\n\u2022 VEKOTIN levittimen mehil\u00e4islevitteiseen harmaahomeen biotorjuntaan<br \/>\n\u2022 konsulttipalvelumme koskien mm. uhanalaisten ja taantuvien hy\u00f6nteisten kuten p\u00f6lytt\u00e4jien ja luontaisten biotorjuntaeli\u00f6itten kantojen hoitoa ja lis\u00e4\u00e4mist\u00e4, sek\u00e4 luonnonmukaista kasvinsuojelua<\/p>\n","protected":false},"excerpt":{"rendered":"<p>Aasatek Oy on vuonna 1990 perustettu suomalainen perheyritys. Yhti\u00f6n toimialana on talous-, ymp\u00e4rist\u00f6- ja kasvinsuojelualan tutkimus-, kehitys- ja konsulttitoiminta sek\u00e4 biologisten torjuntaeli\u00f6iden ja kasvinhoitovalmisteiden tuottaminen, maahantuonti ja kauppa. Aasatek Oy on ollut uranuurtaja monilla t\u00e4rkeiksi muodostuneilla toimintasektoreilla. Olimme ensimm\u00e4inen kasvinsuojelussa k\u00e4ytett\u00e4vien sukkulamatojen toimittaja Suomessa (1990 alkaen), ja edelleen ainoa kaupallinen toimija, jolla on omaa biologisten&hellip;&nbsp;<a href=\"https:\/\/aasatek.fi\/\" rel=\"bookmark\">Read More &raquo;<span class=\"screen-reader-text\">Koti<\/span><\/a><\/p>\n","protected":false},"author":1,"featured_media":288,"parent":0,"menu_order":0,"comment_status":"closed","ping_status":"closed","template":"","meta":{"neve_meta_sidebar":"","neve_meta_container":"","neve_meta_enable_content_width":"on","neve_meta_content_width":100,"neve_meta_title_alignment":"","neve_meta_author_avatar":"","neve_post_elements_order":"","neve_meta_disable_header":"","neve_meta_disable_footer":"","neve_meta_disable_title":"on","footnotes":""},"class_list":["post-5","page","type-page","status-publish","has-post-thumbnail","hentry"],"yoast_head":"<!-- This site is optimized with the Yoast SEO plugin v27.3 - https:\/\/yoast.com\/product\/yoast-seo-wordpress\/ -->\n<title>Koti - Aasatek<\/title>\n<meta name=\"robots\" content=\"index, follow, max-snippet:-1, max-image-preview:large, max-video-preview:-1\" \/>\n<link rel=\"canonical\" href=\"https:\/\/aasatek.fi\/\" \/>\n<meta property=\"og:locale\" content=\"en_US\" \/>\n<meta property=\"og:type\" content=\"article\" \/>\n<meta property=\"og:title\" content=\"Koti - Aasatek\" \/>\n<meta property=\"og:description\" content=\"Aasatek Oy on vuonna 1990 perustettu suomalainen perheyritys. Yhti\u00f6n toimialana on talous-, ymp\u00e4rist\u00f6- ja kasvinsuojelualan tutkimus-, kehitys- ja konsulttitoiminta sek\u00e4 biologisten torjuntaeli\u00f6iden ja kasvinhoitovalmisteiden tuottaminen, maahantuonti ja kauppa. Aasatek Oy on ollut uranuurtaja monilla t\u00e4rkeiksi muodostuneilla toimintasektoreilla. Olimme ensimm\u00e4inen kasvinsuojelussa k\u00e4ytett\u00e4vien sukkulamatojen toimittaja Suomessa (1990 alkaen), ja edelleen ainoa kaupallinen toimija, jolla on omaa biologisten&hellip;&nbsp;Read More &raquo;Koti\" \/>\n<meta property=\"og:url\" content=\"https:\/\/aasatek.fi\/\" \/>\n<meta property=\"og:site_name\" content=\"Aasatek\" \/>\n<meta property=\"article:modified_time\" content=\"2022-11-11T22:05:16+00:00\" \/>\n<meta property=\"og:image\" content=\"https:\/\/aasatek.fi\/wp-content\/uploads\/2021\/04\/Aloituskuva-scaled.jpg\" \/>\n\t<meta property=\"og:image:width\" content=\"2560\" \/>\n\t<meta property=\"og:image:height\" content=\"1199\" \/>\n\t<meta property=\"og:image:type\" content=\"image\/jpeg\" \/>\n<meta name=\"twitter:card\" content=\"summary_large_image\" \/>\n<meta name=\"twitter:label1\" content=\"Est. reading time\" \/>\n\t<meta name=\"twitter:data1\" content=\"1 minute\" \/>\n<script type=\"application\/ld+json\" class=\"yoast-schema-graph\">{\"@context\":\"https:\\\/\\\/schema.org\",\"@graph\":[{\"@type\":\"WebPage\",\"@id\":\"https:\\\/\\\/aasatek.fi\\\/\",\"url\":\"https:\\\/\\\/aasatek.fi\\\/\",\"name\":\"Koti - Aasatek\",\"isPartOf\":{\"@id\":\"https:\\\/\\\/aasatek.fi\\\/#website\"},\"primaryImageOfPage\":{\"@id\":\"https:\\\/\\\/aasatek.fi\\\/#primaryimage\"},\"image\":{\"@id\":\"https:\\\/\\\/aasatek.fi\\\/#primaryimage\"},\"thumbnailUrl\":\"https:\\\/\\\/aasatek.fi\\\/wp-content\\\/uploads\\\/2021\\\/04\\\/Aloituskuva-scaled.jpg\",\"datePublished\":\"2020-01-13T11:17:52+00:00\",\"dateModified\":\"2022-11-11T22:05:16+00:00\",\"breadcrumb\":{\"@id\":\"https:\\\/\\\/aasatek.fi\\\/#breadcrumb\"},\"inLanguage\":\"en-US\",\"potentialAction\":[{\"@type\":\"ReadAction\",\"target\":[\"https:\\\/\\\/aasatek.fi\\\/\"]}]},{\"@type\":\"ImageObject\",\"inLanguage\":\"en-US\",\"@id\":\"https:\\\/\\\/aasatek.fi\\\/#primaryimage\",\"url\":\"https:\\\/\\\/aasatek.fi\\\/wp-content\\\/uploads\\\/2021\\\/04\\\/Aloituskuva-scaled.jpg\",\"contentUrl\":\"https:\\\/\\\/aasatek.fi\\\/wp-content\\\/uploads\\\/2021\\\/04\\\/Aloituskuva-scaled.jpg\",\"width\":2560,\"height\":1199,\"caption\":\"35,34,220,227.951614\"},{\"@type\":\"BreadcrumbList\",\"@id\":\"https:\\\/\\\/aasatek.fi\\\/#breadcrumb\",\"itemListElement\":[{\"@type\":\"ListItem\",\"position\":1,\"name\":\"Home\",\"item\":\"https:\\\/\\\/aasatek.fi\\\/\"},{\"@type\":\"ListItem\",\"position\":2,\"name\":\"Koti\"}]},{\"@type\":\"WebSite\",\"@id\":\"https:\\\/\\\/aasatek.fi\\\/#website\",\"url\":\"https:\\\/\\\/aasatek.fi\\\/\",\"name\":\"Aasatek\",\"description\":\"R&amp;D for Ecostacking\",\"publisher\":{\"@id\":\"https:\\\/\\\/aasatek.fi\\\/#organization\"},\"potentialAction\":[{\"@type\":\"SearchAction\",\"target\":{\"@type\":\"EntryPoint\",\"urlTemplate\":\"https:\\\/\\\/aasatek.fi\\\/?s={search_term_string}\"},\"query-input\":{\"@type\":\"PropertyValueSpecification\",\"valueRequired\":true,\"valueName\":\"search_term_string\"}}],\"inLanguage\":\"en-US\"},{\"@type\":\"Organization\",\"@id\":\"https:\\\/\\\/aasatek.fi\\\/#organization\",\"name\":\"Aasatek\",\"url\":\"https:\\\/\\\/aasatek.fi\\\/\",\"logo\":{\"@type\":\"ImageObject\",\"inLanguage\":\"en-US\",\"@id\":\"https:\\\/\\\/aasatek.fi\\\/#\\\/schema\\\/logo\\\/image\\\/\",\"url\":\"https:\\\/\\\/aasatek.fi\\\/wp-content\\\/uploads\\\/2021\\\/04\\\/cropped-Uusi-Logo.jpg\",\"contentUrl\":\"https:\\\/\\\/aasatek.fi\\\/wp-content\\\/uploads\\\/2021\\\/04\\\/cropped-Uusi-Logo.jpg\",\"width\":1278,\"height\":447,\"caption\":\"Aasatek\"},\"image\":{\"@id\":\"https:\\\/\\\/aasatek.fi\\\/#\\\/schema\\\/logo\\\/image\\\/\"}}]}<\/script>\n<!-- \/ Yoast SEO plugin. -->","yoast_head_json":{"title":"Koti - Aasatek","robots":{"index":"index","follow":"follow","max-snippet":"max-snippet:-1","max-image-preview":"max-image-preview:large","max-video-preview":"max-video-preview:-1"},"canonical":"https:\/\/aasatek.fi\/","og_locale":"en_US","og_type":"article","og_title":"Koti - Aasatek","og_description":"Aasatek Oy on vuonna 1990 perustettu suomalainen perheyritys. Yhti\u00f6n toimialana on talous-, ymp\u00e4rist\u00f6- ja kasvinsuojelualan tutkimus-, kehitys- ja konsulttitoiminta sek\u00e4 biologisten torjuntaeli\u00f6iden ja kasvinhoitovalmisteiden tuottaminen, maahantuonti ja kauppa. Aasatek Oy on ollut uranuurtaja monilla t\u00e4rkeiksi muodostuneilla toimintasektoreilla. Olimme ensimm\u00e4inen kasvinsuojelussa k\u00e4ytett\u00e4vien sukkulamatojen toimittaja Suomessa (1990 alkaen), ja edelleen ainoa kaupallinen toimija, jolla on omaa biologisten&hellip;&nbsp;Read More &raquo;Koti","og_url":"https:\/\/aasatek.fi\/","og_site_name":"Aasatek","article_modified_time":"2022-11-11T22:05:16+00:00","og_image":[{"width":2560,"height":1199,"url":"https:\/\/aasatek.fi\/wp-content\/uploads\/2021\/04\/Aloituskuva-scaled.jpg","type":"image\/jpeg"}],"twitter_card":"summary_large_image","twitter_misc":{"Est. reading time":"1 minute"},"schema":{"@context":"https:\/\/schema.org","@graph":[{"@type":"WebPage","@id":"https:\/\/aasatek.fi\/","url":"https:\/\/aasatek.fi\/","name":"Koti - Aasatek","isPartOf":{"@id":"https:\/\/aasatek.fi\/#website"},"primaryImageOfPage":{"@id":"https:\/\/aasatek.fi\/#primaryimage"},"image":{"@id":"https:\/\/aasatek.fi\/#primaryimage"},"thumbnailUrl":"https:\/\/aasatek.fi\/wp-content\/uploads\/2021\/04\/Aloituskuva-scaled.jpg","datePublished":"2020-01-13T11:17:52+00:00","dateModified":"2022-11-11T22:05:16+00:00","breadcrumb":{"@id":"https:\/\/aasatek.fi\/#breadcrumb"},"inLanguage":"en-US","potentialAction":[{"@type":"ReadAction","target":["https:\/\/aasatek.fi\/"]}]},{"@type":"ImageObject","inLanguage":"en-US","@id":"https:\/\/aasatek.fi\/#primaryimage","url":"https:\/\/aasatek.fi\/wp-content\/uploads\/2021\/04\/Aloituskuva-scaled.jpg","contentUrl":"https:\/\/aasatek.fi\/wp-content\/uploads\/2021\/04\/Aloituskuva-scaled.jpg","width":2560,"height":1199,"caption":"35,34,220,227.951614"},{"@type":"BreadcrumbList","@id":"https:\/\/aasatek.fi\/#breadcrumb","itemListElement":[{"@type":"ListItem","position":1,"name":"Home","item":"https:\/\/aasatek.fi\/"},{"@type":"ListItem","position":2,"name":"Koti"}]},{"@type":"WebSite","@id":"https:\/\/aasatek.fi\/#website","url":"https:\/\/aasatek.fi\/","name":"Aasatek","description":"R&amp;D for Ecostacking","publisher":{"@id":"https:\/\/aasatek.fi\/#organization"},"potentialAction":[{"@type":"SearchAction","target":{"@type":"EntryPoint","urlTemplate":"https:\/\/aasatek.fi\/?s={search_term_string}"},"query-input":{"@type":"PropertyValueSpecification","valueRequired":true,"valueName":"search_term_string"}}],"inLanguage":"en-US"},{"@type":"Organization","@id":"https:\/\/aasatek.fi\/#organization","name":"Aasatek","url":"https:\/\/aasatek.fi\/","logo":{"@type":"ImageObject","inLanguage":"en-US","@id":"https:\/\/aasatek.fi\/#\/schema\/logo\/image\/","url":"https:\/\/aasatek.fi\/wp-content\/uploads\/2021\/04\/cropped-Uusi-Logo.jpg","contentUrl":"https:\/\/aasatek.fi\/wp-content\/uploads\/2021\/04\/cropped-Uusi-Logo.jpg","width":1278,"height":447,"caption":"Aasatek"},"image":{"@id":"https:\/\/aasatek.fi\/#\/schema\/logo\/image\/"}}]}},"_links":{"self":[{"href":"https:\/\/aasatek.fi\/index.php\/wp-json\/wp\/v2\/pages\/5","targetHints":{"allow":["GET"]}}],"collection":[{"href":"https:\/\/aasatek.fi\/index.php\/wp-json\/wp\/v2\/pages"}],"about":[{"href":"https:\/\/aasatek.fi\/index.php\/wp-json\/wp\/v2\/types\/page"}],"author":[{"embeddable":true,"href":"https:\/\/aasatek.fi\/index.php\/wp-json\/wp\/v2\/users\/1"}],"replies":[{"embeddable":true,"href":"https:\/\/aasatek.fi\/index.php\/wp-json\/wp\/v2\/comments?post=5"}],"version-history":[{"count":25,"href":"https:\/\/aasatek.fi\/index.php\/wp-json\/wp\/v2\/pages\/5\/revisions"}],"predecessor-version":[{"id":385,"href":"https:\/\/aasatek.fi\/index.php\/wp-json\/wp\/v2\/pages\/5\/revisions\/385"}],"wp:featuredmedia":[{"embeddable":true,"href":"https:\/\/aasatek.fi\/index.php\/wp-json\/wp\/v2\/media\/288"}],"wp:attachment":[{"href":"https:\/\/aasatek.fi\/index.php\/wp-json\/wp\/v2\/media?parent=5"}],"curies":[{"name":"wp","href":"https:\/\/api.w.org\/{rel}","templated":true}]}}