{"id":327,"date":"2022-10-30T12:50:29","date_gmt":"2022-10-30T12:50:29","guid":{"rendered":"https:\/\/aasatek.fi\/?page_id=327"},"modified":"2022-10-30T13:23:48","modified_gmt":"2022-10-30T13:23:48","slug":"peltoviljely","status":"publish","type":"page","link":"https:\/\/aasatek.fi\/index.php\/peltoviljely\/","title":{"rendered":"Peltoviljely"},"content":{"rendered":"<p><strong>PeltoSukkula \u2013 uusi biologinen torjuntakeino tuhohy\u00f6nteisten torjuntaan avomaalla<\/strong><\/p>\n<figure id=\"attachment_345\" aria-describedby=\"caption-attachment-345\" style=\"width: 300px\" class=\"wp-caption alignright\"><img loading=\"lazy\" decoding=\"async\" class=\"wp-image-345 size-medium\" src=\"https:\/\/aasatek.fi\/wp-content\/uploads\/2022\/10\/Hillanalvikkaan-toukka-300x225.png\" alt=\"\" width=\"300\" height=\"225\" srcset=\"https:\/\/aasatek.fi\/wp-content\/uploads\/2022\/10\/Hillanalvikkaan-toukka-300x225.png 300w, https:\/\/aasatek.fi\/wp-content\/uploads\/2022\/10\/Hillanalvikkaan-toukka-768x576.png 768w, https:\/\/aasatek.fi\/wp-content\/uploads\/2022\/10\/Hillanalvikkaan-toukka.png 850w\" sizes=\"auto, (max-width: 300px) 100vw, 300px\" \/><figcaption id=\"caption-attachment-345\" class=\"wp-caption-text\">Kuva: Hillan\u00e4lvikk\u00e4\u00e4n munia, toukka, kotilo, ja aikuinen. Wikimedias Commons, \u00a9 Martin Suvak<\/figcaption><\/figure>\n<p>Aasatek Oy on toimittanut biologiseen torjuntaan tarkoitettuja sukkulamatoja kasvihuoneyritt\u00e4jille jo yli 30 vuoden ajan. Nyt Aasatek Oy tuo markkinoille itse kehitt\u00e4m\u00e4ns\u00e4 uuden biologisen torjuntavalmisteen \u201dPeltoSukkula\u201d tuhohy\u00f6nteisten torjuntaan avomaalla \u2013 ensimm\u00e4isen\u00e4 Suomessa. Tuotteella voidaan torjua tehokkaasti avomaan lehtikuoriaiset ja muut tuholaiset, mm. rypsin kirpat, hilla- ja mansikkan\u00e4lvik\u00e4s, kaalikoi, turilaat, ja vaaksiaiset. PeltoSukkula lis\u00e4ttiin Ruokaviraston biologisten torjuntaeli\u00f6itten luetteloon maaliskuussa 2021. Hy\u00f6nteisi\u00e4 tappavan sukkulamadon lis\u00e4ksi tuote sis\u00e4lt\u00e4\u00e4 suoja-aineen, jonka ansiosta sukkulamadot voivat toimia avomaaviljelysten olosuhteissa ja paljailla lehtipinnoilla tarvittavan pitk\u00e4\u00e4n, jotta biologinen torjunta voi toteutua.<\/p>\n<p>Tiedustelut, lis\u00e4tiedot, ja tilaukset: Aasatek Oy, <a href=\"http:\/\/www.aasatek.fi\">www.aasatek.fi<\/a>, s\u00e4hk\u00f6posti: <a href=\"mailto:info@aasatek.fi\">info@aasatek.fi<\/a> ja <a href=\"mailto:heikki.hokkanen@aasatek.fi\">heikki.hokkanen@aasatek.fi<\/a><\/p>\n","protected":false},"excerpt":{"rendered":"<p>PeltoSukkula \u2013 uusi biologinen torjuntakeino tuhohy\u00f6nteisten torjuntaan avomaalla Aasatek Oy on toimittanut biologiseen torjuntaan tarkoitettuja sukkulamatoja kasvihuoneyritt\u00e4jille jo yli 30 vuoden ajan. Nyt Aasatek Oy tuo markkinoille itse kehitt\u00e4m\u00e4ns\u00e4 uuden biologisen torjuntavalmisteen \u201dPeltoSukkula\u201d tuhohy\u00f6nteisten torjuntaan avomaalla \u2013 ensimm\u00e4isen\u00e4 Suomessa. Tuotteella voidaan torjua tehokkaasti avomaan lehtikuoriaiset ja muut tuholaiset, mm. rypsin kirpat, hilla- ja mansikkan\u00e4lvik\u00e4s, kaalikoi,&hellip;&nbsp;<a href=\"https:\/\/aasatek.fi\/index.php\/peltoviljely\/\" rel=\"bookmark\">Read More &raquo;<span class=\"screen-reader-text\">Peltoviljely<\/span><\/a><\/p>\n","protected":false},"author":1,"featured_media":0,"parent":0,"menu_order":0,"comment_status":"closed","ping_status":"closed","template":"","meta":{"neve_meta_sidebar":"full-width","neve_meta_container":"","neve_meta_enable_content_width":"on","neve_meta_content_width":100,"neve_meta_title_alignment":"","neve_meta_author_avatar":"","neve_post_elements_order":"","neve_meta_disable_header":"","neve_meta_disable_footer":"","neve_meta_disable_title":"","footnotes":""},"class_list":["post-327","page","type-page","status-publish","hentry"],"yoast_head":"<!-- This site is optimized with the Yoast SEO plugin v27.3 - https:\/\/yoast.com\/product\/yoast-seo-wordpress\/ -->\n<title>Peltoviljely - Aasatek<\/title>\n<meta name=\"robots\" content=\"index, follow, max-snippet:-1, max-image-preview:large, max-video-preview:-1\" \/>\n<link rel=\"canonical\" href=\"https:\/\/aasatek.fi\/index.php\/peltoviljely\/\" \/>\n<meta property=\"og:locale\" content=\"en_US\" \/>\n<meta property=\"og:type\" content=\"article\" \/>\n<meta property=\"og:title\" content=\"Peltoviljely - Aasatek\" \/>\n<meta property=\"og:description\" content=\"PeltoSukkula \u2013 uusi biologinen torjuntakeino tuhohy\u00f6nteisten torjuntaan avomaalla Aasatek Oy on toimittanut biologiseen torjuntaan tarkoitettuja sukkulamatoja kasvihuoneyritt\u00e4jille jo yli 30 vuoden ajan. Nyt Aasatek Oy tuo markkinoille itse kehitt\u00e4m\u00e4ns\u00e4 uuden biologisen torjuntavalmisteen \u201dPeltoSukkula\u201d tuhohy\u00f6nteisten torjuntaan avomaalla \u2013 ensimm\u00e4isen\u00e4 Suomessa. Tuotteella voidaan torjua tehokkaasti avomaan lehtikuoriaiset ja muut tuholaiset, mm. rypsin kirpat, hilla- ja mansikkan\u00e4lvik\u00e4s, kaalikoi,&hellip;&nbsp;Read More &raquo;Peltoviljely\" \/>\n<meta property=\"og:url\" content=\"https:\/\/aasatek.fi\/index.php\/peltoviljely\/\" \/>\n<meta property=\"og:site_name\" content=\"Aasatek\" \/>\n<meta property=\"article:modified_time\" content=\"2022-10-30T13:23:48+00:00\" \/>\n<meta property=\"og:image\" content=\"https:\/\/aasatek.fi\/wp-content\/uploads\/2022\/10\/Hillanalvikkaan-toukka-300x225.png\" \/>\n<meta name=\"twitter:card\" content=\"summary_large_image\" \/>\n<meta name=\"twitter:label1\" content=\"Est. reading time\" \/>\n\t<meta name=\"twitter:data1\" content=\"1 minute\" \/>\n<script type=\"application\/ld+json\" class=\"yoast-schema-graph\">{\"@context\":\"https:\\\/\\\/schema.org\",\"@graph\":[{\"@type\":\"WebPage\",\"@id\":\"https:\\\/\\\/aasatek.fi\\\/index.php\\\/peltoviljely\\\/\",\"url\":\"https:\\\/\\\/aasatek.fi\\\/index.php\\\/peltoviljely\\\/\",\"name\":\"Peltoviljely - Aasatek\",\"isPartOf\":{\"@id\":\"https:\\\/\\\/aasatek.fi\\\/#website\"},\"primaryImageOfPage\":{\"@id\":\"https:\\\/\\\/aasatek.fi\\\/index.php\\\/peltoviljely\\\/#primaryimage\"},\"image\":{\"@id\":\"https:\\\/\\\/aasatek.fi\\\/index.php\\\/peltoviljely\\\/#primaryimage\"},\"thumbnailUrl\":\"https:\\\/\\\/aasatek.fi\\\/wp-content\\\/uploads\\\/2022\\\/10\\\/Hillanalvikkaan-toukka-300x225.png\",\"datePublished\":\"2022-10-30T12:50:29+00:00\",\"dateModified\":\"2022-10-30T13:23:48+00:00\",\"breadcrumb\":{\"@id\":\"https:\\\/\\\/aasatek.fi\\\/index.php\\\/peltoviljely\\\/#breadcrumb\"},\"inLanguage\":\"en-US\",\"potentialAction\":[{\"@type\":\"ReadAction\",\"target\":[\"https:\\\/\\\/aasatek.fi\\\/index.php\\\/peltoviljely\\\/\"]}]},{\"@type\":\"ImageObject\",\"inLanguage\":\"en-US\",\"@id\":\"https:\\\/\\\/aasatek.fi\\\/index.php\\\/peltoviljely\\\/#primaryimage\",\"url\":\"https:\\\/\\\/aasatek.fi\\\/wp-content\\\/uploads\\\/2022\\\/10\\\/Hillanalvikkaan-toukka.png\",\"contentUrl\":\"https:\\\/\\\/aasatek.fi\\\/wp-content\\\/uploads\\\/2022\\\/10\\\/Hillanalvikkaan-toukka.png\",\"width\":850,\"height\":638},{\"@type\":\"BreadcrumbList\",\"@id\":\"https:\\\/\\\/aasatek.fi\\\/index.php\\\/peltoviljely\\\/#breadcrumb\",\"itemListElement\":[{\"@type\":\"ListItem\",\"position\":1,\"name\":\"Home\",\"item\":\"https:\\\/\\\/aasatek.fi\\\/\"},{\"@type\":\"ListItem\",\"position\":2,\"name\":\"Peltoviljely\"}]},{\"@type\":\"WebSite\",\"@id\":\"https:\\\/\\\/aasatek.fi\\\/#website\",\"url\":\"https:\\\/\\\/aasatek.fi\\\/\",\"name\":\"Aasatek\",\"description\":\"R&amp;D for Ecostacking\",\"publisher\":{\"@id\":\"https:\\\/\\\/aasatek.fi\\\/#organization\"},\"potentialAction\":[{\"@type\":\"SearchAction\",\"target\":{\"@type\":\"EntryPoint\",\"urlTemplate\":\"https:\\\/\\\/aasatek.fi\\\/?s={search_term_string}\"},\"query-input\":{\"@type\":\"PropertyValueSpecification\",\"valueRequired\":true,\"valueName\":\"search_term_string\"}}],\"inLanguage\":\"en-US\"},{\"@type\":\"Organization\",\"@id\":\"https:\\\/\\\/aasatek.fi\\\/#organization\",\"name\":\"Aasatek\",\"url\":\"https:\\\/\\\/aasatek.fi\\\/\",\"logo\":{\"@type\":\"ImageObject\",\"inLanguage\":\"en-US\",\"@id\":\"https:\\\/\\\/aasatek.fi\\\/#\\\/schema\\\/logo\\\/image\\\/\",\"url\":\"https:\\\/\\\/aasatek.fi\\\/wp-content\\\/uploads\\\/2021\\\/04\\\/cropped-Uusi-Logo.jpg\",\"contentUrl\":\"https:\\\/\\\/aasatek.fi\\\/wp-content\\\/uploads\\\/2021\\\/04\\\/cropped-Uusi-Logo.jpg\",\"width\":1278,\"height\":447,\"caption\":\"Aasatek\"},\"image\":{\"@id\":\"https:\\\/\\\/aasatek.fi\\\/#\\\/schema\\\/logo\\\/image\\\/\"}}]}<\/script>\n<!-- \/ Yoast SEO plugin. -->","yoast_head_json":{"title":"Peltoviljely - Aasatek","robots":{"index":"index","follow":"follow","max-snippet":"max-snippet:-1","max-image-preview":"max-image-preview:large","max-video-preview":"max-video-preview:-1"},"canonical":"https:\/\/aasatek.fi\/index.php\/peltoviljely\/","og_locale":"en_US","og_type":"article","og_title":"Peltoviljely - Aasatek","og_description":"PeltoSukkula \u2013 uusi biologinen torjuntakeino tuhohy\u00f6nteisten torjuntaan avomaalla Aasatek Oy on toimittanut biologiseen torjuntaan tarkoitettuja sukkulamatoja kasvihuoneyritt\u00e4jille jo yli 30 vuoden ajan. Nyt Aasatek Oy tuo markkinoille itse kehitt\u00e4m\u00e4ns\u00e4 uuden biologisen torjuntavalmisteen \u201dPeltoSukkula\u201d tuhohy\u00f6nteisten torjuntaan avomaalla \u2013 ensimm\u00e4isen\u00e4 Suomessa. Tuotteella voidaan torjua tehokkaasti avomaan lehtikuoriaiset ja muut tuholaiset, mm. rypsin kirpat, hilla- ja mansikkan\u00e4lvik\u00e4s, kaalikoi,&hellip;&nbsp;Read More &raquo;Peltoviljely","og_url":"https:\/\/aasatek.fi\/index.php\/peltoviljely\/","og_site_name":"Aasatek","article_modified_time":"2022-10-30T13:23:48+00:00","og_image":[{"url":"https:\/\/aasatek.fi\/wp-content\/uploads\/2022\/10\/Hillanalvikkaan-toukka-300x225.png","type":"","width":"","height":""}],"twitter_card":"summary_large_image","twitter_misc":{"Est. reading time":"1 minute"},"schema":{"@context":"https:\/\/schema.org","@graph":[{"@type":"WebPage","@id":"https:\/\/aasatek.fi\/index.php\/peltoviljely\/","url":"https:\/\/aasatek.fi\/index.php\/peltoviljely\/","name":"Peltoviljely - Aasatek","isPartOf":{"@id":"https:\/\/aasatek.fi\/#website"},"primaryImageOfPage":{"@id":"https:\/\/aasatek.fi\/index.php\/peltoviljely\/#primaryimage"},"image":{"@id":"https:\/\/aasatek.fi\/index.php\/peltoviljely\/#primaryimage"},"thumbnailUrl":"https:\/\/aasatek.fi\/wp-content\/uploads\/2022\/10\/Hillanalvikkaan-toukka-300x225.png","datePublished":"2022-10-30T12:50:29+00:00","dateModified":"2022-10-30T13:23:48+00:00","breadcrumb":{"@id":"https:\/\/aasatek.fi\/index.php\/peltoviljely\/#breadcrumb"},"inLanguage":"en-US","potentialAction":[{"@type":"ReadAction","target":["https:\/\/aasatek.fi\/index.php\/peltoviljely\/"]}]},{"@type":"ImageObject","inLanguage":"en-US","@id":"https:\/\/aasatek.fi\/index.php\/peltoviljely\/#primaryimage","url":"https:\/\/aasatek.fi\/wp-content\/uploads\/2022\/10\/Hillanalvikkaan-toukka.png","contentUrl":"https:\/\/aasatek.fi\/wp-content\/uploads\/2022\/10\/Hillanalvikkaan-toukka.png","width":850,"height":638},{"@type":"BreadcrumbList","@id":"https:\/\/aasatek.fi\/index.php\/peltoviljely\/#breadcrumb","itemListElement":[{"@type":"ListItem","position":1,"name":"Home","item":"https:\/\/aasatek.fi\/"},{"@type":"ListItem","position":2,"name":"Peltoviljely"}]},{"@type":"WebSite","@id":"https:\/\/aasatek.fi\/#website","url":"https:\/\/aasatek.fi\/","name":"Aasatek","description":"R&amp;D for Ecostacking","publisher":{"@id":"https:\/\/aasatek.fi\/#organization"},"potentialAction":[{"@type":"SearchAction","target":{"@type":"EntryPoint","urlTemplate":"https:\/\/aasatek.fi\/?s={search_term_string}"},"query-input":{"@type":"PropertyValueSpecification","valueRequired":true,"valueName":"search_term_string"}}],"inLanguage":"en-US"},{"@type":"Organization","@id":"https:\/\/aasatek.fi\/#organization","name":"Aasatek","url":"https:\/\/aasatek.fi\/","logo":{"@type":"ImageObject","inLanguage":"en-US","@id":"https:\/\/aasatek.fi\/#\/schema\/logo\/image\/","url":"https:\/\/aasatek.fi\/wp-content\/uploads\/2021\/04\/cropped-Uusi-Logo.jpg","contentUrl":"https:\/\/aasatek.fi\/wp-content\/uploads\/2021\/04\/cropped-Uusi-Logo.jpg","width":1278,"height":447,"caption":"Aasatek"},"image":{"@id":"https:\/\/aasatek.fi\/#\/schema\/logo\/image\/"}}]}},"_links":{"self":[{"href":"https:\/\/aasatek.fi\/index.php\/wp-json\/wp\/v2\/pages\/327","targetHints":{"allow":["GET"]}}],"collection":[{"href":"https:\/\/aasatek.fi\/index.php\/wp-json\/wp\/v2\/pages"}],"about":[{"href":"https:\/\/aasatek.fi\/index.php\/wp-json\/wp\/v2\/types\/page"}],"author":[{"embeddable":true,"href":"https:\/\/aasatek.fi\/index.php\/wp-json\/wp\/v2\/users\/1"}],"replies":[{"embeddable":true,"href":"https:\/\/aasatek.fi\/index.php\/wp-json\/wp\/v2\/comments?post=327"}],"version-history":[{"count":4,"href":"https:\/\/aasatek.fi\/index.php\/wp-json\/wp\/v2\/pages\/327\/revisions"}],"predecessor-version":[{"id":347,"href":"https:\/\/aasatek.fi\/index.php\/wp-json\/wp\/v2\/pages\/327\/revisions\/347"}],"wp:attachment":[{"href":"https:\/\/aasatek.fi\/index.php\/wp-json\/wp\/v2\/media?parent=327"}],"curies":[{"name":"wp","href":"https:\/\/api.w.org\/{rel}","templated":true}]}}